{"id":61,"date":"2025-05-15T19:52:09","date_gmt":"2025-05-16T07:52:09","guid":{"rendered":"https:\/\/dambis.com\/?page_id=61"},"modified":"2025-08-12T18:47:16","modified_gmt":"2025-08-13T06:47:16","slug":"dambis-logistics","status":"publish","type":"page","link":"https:\/\/dambis.com\/lv\/dambis-logistics\/","title":{"rendered":""},"content":{"rendered":"\n<div class=\"wp-block-cover alignfull has-custom-content-position is-position-bottom-right\" style=\"min-height:129px;aspect-ratio:unset;\"><img data-recalc-dims=\"1\" loading=\"lazy\" decoding=\"async\" width=\"6240\" height=\"4160\" data-attachment-id=\"277\" data-permalink=\"https:\/\/dambis.com\/lv\/dscf4800\/\" data-orig-file=\"https:\/\/i0.wp.com\/dambis.com\/wp-content\/uploads\/2025\/06\/dscf4800.jpg?fit=6240%2C4160&amp;ssl=1\" data-orig-size=\"6240,4160\" data-comments-opened=\"1\" data-image-meta=\"{&quot;aperture&quot;:&quot;16&quot;,&quot;credit&quot;:&quot;&quot;,&quot;camera&quot;:&quot;X100V&quot;,&quot;caption&quot;:&quot;&quot;,&quot;created_timestamp&quot;:&quot;1577836922&quot;,&quot;copyright&quot;:&quot;&quot;,&quot;focal_length&quot;:&quot;23&quot;,&quot;iso&quot;:&quot;160&quot;,&quot;shutter_speed&quot;:&quot;0.011111111111111&quot;,&quot;title&quot;:&quot;&quot;,&quot;orientation&quot;:&quot;1&quot;}\" data-image-title=\"DSCF4800\" data-image-description=\"\" data-image-caption=\"\" data-large-file=\"https:\/\/i0.wp.com\/dambis.com\/wp-content\/uploads\/2025\/06\/dscf4800.jpg?fit=1024%2C683&amp;ssl=1\" class=\"wp-block-cover__image-background wp-image-277 size-large\" alt=\"\" src=\"https:\/\/i0.wp.com\/dambis.com\/wp-content\/uploads\/2025\/06\/dscf4800.jpg?resize=6240%2C4160&#038;ssl=1\" style=\"object-position:58% 56%\" data-object-fit=\"cover\" data-object-position=\"58% 56%\"\/><span aria-hidden=\"true\" class=\"wp-block-cover__background has-custom-color-1-background-color has-background-dim-100 has-background-dim\"><\/span><div class=\"wp-block-cover__inner-container has-global-padding is-layout-constrained wp-block-cover-is-layout-constrained\">\n<p class=\"has-text-align-right wp-block-paragraph\" style=\"font-size:clamp(2.46rem, 2.46rem + ((1vw - 0.2rem) * 2.038), 4.6rem);\"><strong>Dambis Logistics<\/strong><\/p>\n<\/div><\/div>\n\n\n\n<div class=\"wp-block-columns alignfull are-vertically-aligned-top has-custom-color-2-background-color has-background is-layout-flex wp-container-core-columns-is-layout-f56f613f wp-block-columns-is-layout-flex\">\n<div class=\"wp-block-column is-vertically-aligned-top is-layout-flow wp-block-column-is-layout-flow\">\n<p class=\"wp-block-paragraph\" style=\"font-size:clamp(1.352rem, 1.352rem + ((1vw - 0.2rem) * 0.808), 2.2rem);\"><strong>Lo\u0123istika, uz kuru var pa\u013cauties \u2013 \u0101tri, prec\u012bzi, dro\u0161i<\/strong><\/p>\n\n\n\n<p class=\"has-text-align-justify has-custom-color-2-background-color has-background wp-block-paragraph\" style=\"padding-top:0em;padding-right:0em;padding-bottom:0em;padding-left:0em;font-size:clamp(0.984rem, 0.984rem + ((1vw - 0.2rem) * 0.491), 1.5rem);\">M\u0113s esam Eiropas m\u0113roga lo\u0123istikas uz\u0146\u0113mums, kas specializ\u0113jas r\u016bpniecisko un p\u0101rtikas pre\u010du p\u0101rvad\u0101jumos, \u012bpa\u0161i uz \u012ariju. Ar modernu autoparku \u2013 5 kravas automa\u0161\u012bn\u0101m, tostarp ar temperat\u016bras kontroli \u2013 sp\u0113jam nodro\u0161in\u0101t gan parastu, gan \u012bpa\u0161i jut\u012bgu pre\u010du dro\u0161u pieg\u0101di.<br>Izv\u0113lamies tikai uzticamus un jaud\u012bgus transportl\u012bdzek\u013cus, t\u0101dus k\u0101 <strong>Scania<\/strong> un <strong>Volvo<\/strong>, lai garant\u0113tu augst\u0101ko kvalit\u0101ti un dro\u0161\u012bbu katr\u0101 mar\u0161rut\u0101.<\/p>\n\n\n\n<p class=\"has-text-align-justify has-custom-color-2-background-color has-background wp-block-paragraph\" style=\"padding-top:0em;padding-right:0em;padding-bottom:0em;padding-left:0em;font-size:clamp(0.984rem, 0.984rem + ((1vw - 0.2rem) * 0.491), 1.5rem);\"><br>M\u0113s ticam kvalit\u0101tei, precizit\u0101tei un \u0101trumam \u2013 v\u0113rt\u012bb\u0101m, kas pal\u012bdz mums b\u016bt uzticamam partnerim j\u016bsu pieg\u0101d\u0113m katru dienu.<br><strong>Uz\u0146\u0113mums ir parakst\u012bjis L\u012bgumu \u201cPar Starptautisk\u0101 P\u0101rvad\u0101t\u0101ja pakalpojumiem\u201d ar SIA DSV Latvia<\/strong> <strong>un SIA &#8220;LATLOG&#8221;<\/strong>, kas apliecina m\u016bsu profesion\u0101lo kapacit\u0101ti un atbilst\u012bbu starptautiskiem standartiem.<\/p>\n\n\n\n<p class=\"has-custom-color-2-background-color has-background wp-block-paragraph\" style=\"padding-top:0em;padding-right:0em;padding-bottom:0em;padding-left:0em;font-size:clamp(0.984rem, 0.984rem + ((1vw - 0.2rem) * 0.491), 1.5rem);\"><\/p>\n\n\n\n<p class=\"wp-block-paragraph\" style=\"font-size:clamp(1.039rem, 1.039rem + ((1vw - 0.2rem) * 0.534), 1.6rem);\"><strong>Sazinieties ar mums jau \u0161odien un \u013caujiet mums par\u016bp\u0113ties par j\u016bsu kravu!<\/strong><\/p>\n<\/div>\n\n\n\n<div class=\"wp-block-column is-vertically-aligned-top is-layout-flow wp-block-column-is-layout-flow\">\n<figure class=\"wp-block-image aligncenter size-large\"><img data-recalc-dims=\"1\" loading=\"lazy\" decoding=\"async\" width=\"4160\" height=\"3120\" data-attachment-id=\"332\" data-permalink=\"https:\/\/dambis.com\/lv\/dscf4795-2\/\" data-orig-file=\"https:\/\/i0.wp.com\/dambis.com\/wp-content\/uploads\/2025\/06\/dscf4795-edited.jpg?fit=4160%2C3120&amp;ssl=1\" data-orig-size=\"4160,3120\" data-comments-opened=\"1\" data-image-meta=\"{&quot;aperture&quot;:&quot;6.4&quot;,&quot;credit&quot;:&quot;&quot;,&quot;camera&quot;:&quot;X100V&quot;,&quot;caption&quot;:&quot;&quot;,&quot;created_timestamp&quot;:&quot;1577836830&quot;,&quot;copyright&quot;:&quot;&quot;,&quot;focal_length&quot;:&quot;23&quot;,&quot;iso&quot;:&quot;160&quot;,&quot;shutter_speed&quot;:&quot;0.0023809523809524&quot;,&quot;title&quot;:&quot;&quot;,&quot;orientation&quot;:&quot;1&quot;}\" data-image-title=\"DSCF4795\" data-image-description=\"\" data-image-caption=\"\" data-large-file=\"https:\/\/i0.wp.com\/dambis.com\/wp-content\/uploads\/2025\/06\/dscf4795-edited.jpg?fit=1024%2C768&amp;ssl=1\" src=\"https:\/\/i0.wp.com\/dambis.com\/wp-content\/uploads\/2025\/06\/dscf4795-edited.jpg?resize=4160%2C3120&#038;ssl=1\" alt=\"\" class=\"wp-image-332\"\/><\/figure>\n<\/div>\n<\/div>\n\n\n\n<figure class=\"wp-block-image aligncenter size-large is-resized\"><img data-recalc-dims=\"1\" loading=\"lazy\" decoding=\"async\" width=\"596\" height=\"420\" data-attachment-id=\"337\" data-permalink=\"https:\/\/dambis.com\/lv\/dambis-logistics\/sia-dambis-logistics-logo_white-3\/\" data-orig-file=\"https:\/\/i0.wp.com\/dambis.com\/wp-content\/uploads\/2025\/06\/sia-dambis-logistics-logo_white-2.png?fit=596%2C420&amp;ssl=1\" data-orig-size=\"596,420\" data-comments-opened=\"1\" data-image-meta=\"{&quot;aperture&quot;:&quot;0&quot;,&quot;credit&quot;:&quot;&quot;,&quot;camera&quot;:&quot;&quot;,&quot;caption&quot;:&quot;&quot;,&quot;created_timestamp&quot;:&quot;0&quot;,&quot;copyright&quot;:&quot;&quot;,&quot;focal_length&quot;:&quot;0&quot;,&quot;iso&quot;:&quot;0&quot;,&quot;shutter_speed&quot;:&quot;0&quot;,&quot;title&quot;:&quot;&quot;,&quot;orientation&quot;:&quot;0&quot;}\" data-image-title=\"SIA Dambis Logistics LOGO_white\" data-image-description=\"\" data-image-caption=\"\" data-large-file=\"https:\/\/i0.wp.com\/dambis.com\/wp-content\/uploads\/2025\/06\/sia-dambis-logistics-logo_white-2.png?fit=596%2C420&amp;ssl=1\" src=\"https:\/\/i0.wp.com\/dambis.com\/wp-content\/uploads\/2025\/06\/sia-dambis-logistics-logo_white-2.png?resize=596%2C420&#038;ssl=1\" alt=\"\" class=\"wp-image-337\" style=\"width:417px;height:auto\"\/><\/figure>\n\n\n\n<div class=\"wp-block-columns alignfull has-custom-color-1-background-color has-background is-layout-flex wp-container-core-columns-is-layout-a4c515a0 wp-block-columns-is-layout-flex\" style=\"padding-top:64;padding-right:64;padding-bottom:64;padding-left:64\">\n<div class=\"wp-block-column has-border-color has-custom-color-1-border-color has-custom-color-1-background-color has-background is-layout-flow wp-block-column-is-layout-flow\" style=\"border-width:28px;padding-top:0;padding-right:0;padding-bottom:0;padding-left:0\">\n<p class=\"wp-block-paragraph\" style=\"font-size:clamp(0.984rem, 0.984rem + ((1vw - 0.2rem) * 0.491), 1.5rem);font-style:normal;font-weight:700;line-height:0.7\">Kontakti<\/p>\n\n\n\n<p class=\"wp-block-paragraph\" style=\"font-size:clamp(0.984rem, 0.984rem + ((1vw - 0.2rem) * 0.491), 1.5rem);font-style:normal;font-weight:700;line-height:0.7\">e-pasts: logistics@dambis.com<\/p>\n\n\n\n<p class=\"has-base-color has-text-color has-link-color wp-elements-54a7b58c0350f6abccf7ba6cab34380e wp-block-paragraph\" style=\"font-size:clamp(0.984rem, 0.984rem + ((1vw - 0.2rem) * 0.491), 1.5rem);font-style:normal;font-weight:700;line-height:0.7\">t\u0101lrunis: +371 67387001<\/p>\n<\/div>\n\n\n\n<div class=\"wp-block-column has-custom-color-1-background-color has-background is-layout-flow wp-block-column-is-layout-flow\">\n<p class=\"wp-block-paragraph\" style=\"font-size:clamp(0.984rem, 0.984rem + ((1vw - 0.2rem) * 0.491), 1.5rem);font-style:normal;font-weight:700;line-height:0.7\">Rekviz\u012bti<\/p>\n\n\n\n<p class=\"wp-block-paragraph\" style=\"font-size:clamp(0.984rem, 0.984rem + ((1vw - 0.2rem) * 0.491), 1.5rem);font-style:normal;font-weight:700;line-height:0.7\">SIA &#8220;DAMBIS Logistics&#8221;<\/p>\n\n\n\n<p class=\"has-base-color has-text-color has-link-color wp-elements-2057da4ebcd9de21c97faefa92de62b4 wp-block-paragraph\" style=\"font-size:clamp(0.984rem, 0.984rem + ((1vw - 0.2rem) * 0.491), 1.5rem);font-style:normal;font-weight:700;line-height:0.7\">Re\u0123istr\u0101cijas numurs: 40203459507<\/p>\n\n\n\n<p class=\"wp-block-paragraph\" style=\"font-size:clamp(0.984rem, 0.984rem + ((1vw - 0.2rem) * 0.491), 1.5rem);font-style:normal;font-weight:700\">Juridisk\u0101 adrese: Bukultu iela 11, R\u012bga, LV-1005<\/p>\n\n\n\n<p class=\"wp-block-paragraph\" style=\"font-size:clamp(0.984rem, 0.984rem + ((1vw - 0.2rem) * 0.491), 1.5rem);font-style:normal;font-weight:700;line-height:0.7\">Banka: SEB Banka AS<\/p>\n\n\n\n<p class=\"wp-block-paragraph\" style=\"font-size:clamp(0.984rem, 0.984rem + ((1vw - 0.2rem) * 0.491), 1.5rem);font-style:normal;font-weight:700;line-height:0.7\">Konts: LV75UNLA0055003368723<\/p>\n\n\n\n<p class=\"wp-block-paragraph\" style=\"font-size:clamp(0.984rem, 0.984rem + ((1vw - 0.2rem) * 0.491), 1.5rem);font-style:normal;font-weight:700;line-height:0.7\">Kods: UNLALV2X<\/p>\n<\/div>\n<\/div>\n\n\n\n<p class=\"wp-block-paragraph\"><\/p>\n","protected":false},"excerpt":{"rendered":"<p>Lo\u0123istika, uz kuru var pa\u013cauties \u2013 \u0101tri, prec\u012bzi, dro\u0161i M\u0113s esam Eiropas m\u0113roga lo\u0123istikas uz\u0146\u0113mums, kas specializ\u0113jas r\u016bpniecisko un p\u0101rtikas pre\u010du p\u0101rvad\u0101jumos, \u012bpa\u0161i uz \u012ariju. Ar modernu autoparku \u2013 5 kravas automa\u0161\u012bn\u0101m, tostarp ar temperat\u016bras kontroli \u2013 sp\u0113jam nodro\u0161in\u0101t gan parastu, gan \u012bpa\u0161i jut\u012bgu pre\u010du dro\u0161u pieg\u0101di.Izv\u0113lamies tikai uzticamus un jaud\u012bgus transportl\u012bdzek\u013cus, t\u0101dus k\u0101 Scania [&hellip;]<\/p>\n","protected":false},"author":262324311,"featured_media":332,"parent":0,"menu_order":0,"comment_status":"closed","ping_status":"closed","template":"wp-custom-template-pages-without-featured-image","meta":{"_crdt_document":"","advanced_seo_description":"","jetpack_seo_html_title":"","jetpack_seo_noindex":false,"jetpack_post_was_ever_published":false,"footnotes":""},"class_list":["post-61","page","type-page","status-publish","has-post-thumbnail","hentry"],"jetpack_likes_enabled":true,"jetpack_sharing_enabled":true,"jetpack_shortlink":"https:\/\/wp.me\/PgoCUA-Z","jetpack-related-posts":[],"_links":{"self":[{"href":"https:\/\/dambis.com\/lv\/wp-json\/wp\/v2\/pages\/61","targetHints":{"allow":["GET"]}}],"collection":[{"href":"https:\/\/dambis.com\/lv\/wp-json\/wp\/v2\/pages"}],"about":[{"href":"https:\/\/dambis.com\/lv\/wp-json\/wp\/v2\/types\/page"}],"author":[{"embeddable":true,"href":"https:\/\/dambis.com\/lv\/wp-json\/wp\/v2\/users\/262324311"}],"replies":[{"embeddable":true,"href":"https:\/\/dambis.com\/lv\/wp-json\/wp\/v2\/comments?post=61"}],"version-history":[{"count":34,"href":"https:\/\/dambis.com\/lv\/wp-json\/wp\/v2\/pages\/61\/revisions"}],"predecessor-version":[{"id":578,"href":"https:\/\/dambis.com\/lv\/wp-json\/wp\/v2\/pages\/61\/revisions\/578"}],"wp:featuredmedia":[{"embeddable":true,"href":"https:\/\/dambis.com\/lv\/wp-json\/wp\/v2\/media\/332"}],"wp:attachment":[{"href":"https:\/\/dambis.com\/lv\/wp-json\/wp\/v2\/media?parent=61"}],"curies":[{"name":"wp","href":"https:\/\/api.w.org\/{rel}","templated":true}]}}